{"id":161,"date":"2025-05-20T17:35:18","date_gmt":"2025-05-20T15:35:18","guid":{"rendered":"https:\/\/zuberderixheim.fr\/?page_id=161"},"modified":"2025-12-19T21:52:56","modified_gmt":"2025-12-19T20:52:56","slug":"activites","status":"publish","type":"page","link":"https:\/\/zuberderixheim.fr\/?page_id=161","title":{"rendered":"Activit\u00e9s"},"content":{"rendered":"\t\t<div data-elementor-type=\"wp-page\" data-elementor-id=\"161\" class=\"elementor elementor-161\" data-elementor-post-type=\"page\">\n\t\t\t\t<div class=\"elementor-element elementor-element-da5f692 e-flex e-con-boxed e-con e-parent\" data-id=\"da5f692\" data-element_type=\"container\">\n\t\t\t\t\t<div class=\"e-con-inner\">\n\t\t<div class=\"elementor-element elementor-element-d9d1803 e-con-full e-flex e-con e-child\" data-id=\"d9d1803\" data-element_type=\"container\">\n\t\t\t\t<div class=\"elementor-element elementor-element-cbc4122 elementor-widget__width-initial elementor-widget elementor-widget-text-editor\" data-id=\"cbc4122\" data-element_type=\"widget\" data-widget_type=\"text-editor.default\">\n\t\t\t\t\t\t\t\t\t<div id=\"comp-kki512mo\" class=\"KaEeLN comp-kki512mo\"><div data-mesh-id=\"comp-kki512moinlineContent-gridContainer\" data-testid=\"mesh-container-content\">Week-end familial \u00e0 Rixheim et \u00e0 l\u2019Ile Napol\u00e9on 2018<\/div><\/div>\t\t\t\t\t\t\t\t<\/div>\n\t\t\t\t<\/div>\n\t\t\t\t\t<\/div>\n\t\t\t\t<\/div>\n\t\t<div class=\"elementor-element elementor-element-e5448bf e-flex e-con-boxed e-con e-parent\" data-id=\"e5448bf\" data-element_type=\"container\">\n\t\t\t\t\t<div class=\"e-con-inner\">\n\t\t<div class=\"elementor-element elementor-element-f301360 e-con-full e-flex e-con e-child\" data-id=\"f301360\" data-element_type=\"container\">\n\t\t\t\t<div class=\"elementor-element elementor-element-1784236 elementor-widget elementor-widget-image\" data-id=\"1784236\" data-element_type=\"widget\" data-widget_type=\"image.default\">\n\t\t\t\t\t\t\t\t\t\t\t\t\t\t\t\t<a href=\"https:\/\/17202f17-8e02-46ba-914d-54dc05bff7b6.filesusr.com\/ugd\/aede7a_8bbd43eddc084b9b81ac0bfa80c58455.pdf\" target=\"_blank\">\n\t\t\t\t\t\t\t<img fetchpriority=\"high\" decoding=\"async\" width=\"476\" height=\"678\" src=\"https:\/\/zuberderixheim.fr\/wp-content\/uploads\/2025\/05\/Capture-decran-2025-05-20-a-17.39.46.png\" class=\"attachment-large size-large wp-image-164\" alt=\"\" srcset=\"https:\/\/zuberderixheim.fr\/wp-content\/uploads\/2025\/05\/Capture-decran-2025-05-20-a-17.39.46.png 476w, https:\/\/zuberderixheim.fr\/wp-content\/uploads\/2025\/05\/Capture-decran-2025-05-20-a-17.39.46-211x300.png 211w\" sizes=\"(max-width: 476px) 100vw, 476px\" \/>\t\t\t\t\t\t\t\t<\/a>\n\t\t\t\t\t\t\t\t\t\t\t\t\t\t\t<\/div>\n\t\t\t\t<\/div>\n\t\t<div class=\"elementor-element elementor-element-de2c079 e-con-full e-flex e-con e-child\" data-id=\"de2c079\" data-element_type=\"container\">\n\t\t\t\t<div class=\"elementor-element elementor-element-e33b49f elementor-widget elementor-widget-text-editor\" data-id=\"e33b49f\" data-element_type=\"widget\" data-widget_type=\"text-editor.default\">\n\t\t\t\t\t\t\t\t\t<p>Le samedi 22 septembre 2018, pr\u00e8s de 80 descendants de Jean Zuber (1773-1852)<\/p><p>et d\u2019Elisabeth Spoerlin (1775-1856) sont venus \u00ab en p\u00e8lerinage \u00bb \u00e0 Rixheim, berceau de leur famille. R\u00e9partis en trois groupes, ils ont visit\u00e9la Commanderie, le Mus\u00e9e du Papier Peint et le carr\u00e9 Zuber du cimeti\u00e8re.<\/p>\t\t\t\t\t\t\t\t<\/div>\n\t\t\t\t<\/div>\n\t\t<div class=\"elementor-element elementor-element-0844484 e-con-full e-flex e-con e-child\" data-id=\"0844484\" data-element_type=\"container\">\n\t\t\t\t<div class=\"elementor-element elementor-element-295afde elementor-widget elementor-widget-text-editor\" data-id=\"295afde\" data-element_type=\"widget\" data-widget_type=\"text-editor.default\">\n\t\t\t\t\t\t\t\t\t<ul><li>Bulletin n\u00b043 novembre 2018 Week-end \u00e0 Mulhouse et Rixheim septembre 2018 par Pernette Perroud<\/li><\/ul>\t\t\t\t\t\t\t\t<\/div>\n\t\t\t\t<\/div>\n\t\t\t\t\t<\/div>\n\t\t\t\t<\/div>\n\t\t<div class=\"elementor-element elementor-element-7bbf7d0 e-flex e-con-boxed e-con e-parent\" data-id=\"7bbf7d0\" data-element_type=\"container\">\n\t\t\t\t\t<div class=\"e-con-inner\">\n\t\t<div class=\"elementor-element elementor-element-a982cc6 e-con-full e-flex e-con e-child\" data-id=\"a982cc6\" data-element_type=\"container\">\n\t\t\t\t<div class=\"elementor-element elementor-element-96b6dd3 elementor-widget elementor-widget-image\" data-id=\"96b6dd3\" data-element_type=\"widget\" data-widget_type=\"image.default\">\n\t\t\t\t\t\t\t\t\t\t\t\t\t\t\t\t<a href=\"https:\/\/17202f17-8e02-46ba-914d-54dc05bff7b6.filesusr.com\/ugd\/aede7a_97783e3e1a7041fa93474579ce977797.pdf\" target=\"_blank\">\n\t\t\t\t\t\t\t<img decoding=\"async\" width=\"480\" height=\"676\" src=\"https:\/\/zuberderixheim.fr\/wp-content\/uploads\/2025\/05\/Capture-decran-2025-05-20-a-17.40.56.png\" class=\"attachment-large size-large wp-image-165\" alt=\"\" srcset=\"https:\/\/zuberderixheim.fr\/wp-content\/uploads\/2025\/05\/Capture-decran-2025-05-20-a-17.40.56.png 480w, https:\/\/zuberderixheim.fr\/wp-content\/uploads\/2025\/05\/Capture-decran-2025-05-20-a-17.40.56-213x300.png 213w\" sizes=\"(max-width: 480px) 100vw, 480px\" \/>\t\t\t\t\t\t\t\t<\/a>\n\t\t\t\t\t\t\t\t\t\t\t\t\t\t\t<\/div>\n\t\t\t\t<\/div>\n\t\t<div class=\"elementor-element elementor-element-a45d90e e-con-full e-flex e-con e-child\" data-id=\"a45d90e\" data-element_type=\"container\">\n\t\t\t\t<div class=\"elementor-element elementor-element-8813736 elementor-widget elementor-widget-image\" data-id=\"8813736\" data-element_type=\"widget\" data-widget_type=\"image.default\">\n\t\t\t\t\t\t\t\t\t\t\t\t\t\t\t\t<a href=\"https:\/\/17202f17-8e02-46ba-914d-54dc05bff7b6.filesusr.com\/ugd\/aede7a_8bbd43eddc084b9b81ac0bfa80c58455.pdf\" target=\"_blank\">\n\t\t\t\t\t\t\t<img decoding=\"async\" width=\"490\" height=\"682\" src=\"https:\/\/zuberderixheim.fr\/wp-content\/uploads\/2025\/05\/Capture-decran-2025-05-20-a-17.42.04.png\" class=\"attachment-large size-large wp-image-166\" alt=\"\" srcset=\"https:\/\/zuberderixheim.fr\/wp-content\/uploads\/2025\/05\/Capture-decran-2025-05-20-a-17.42.04.png 490w, https:\/\/zuberderixheim.fr\/wp-content\/uploads\/2025\/05\/Capture-decran-2025-05-20-a-17.42.04-216x300.png 216w\" sizes=\"(max-width: 490px) 100vw, 490px\" \/>\t\t\t\t\t\t\t\t<\/a>\n\t\t\t\t\t\t\t\t\t\t\t\t\t\t\t<\/div>\n\t\t\t\t<\/div>\n\t\t\t\t\t<\/div>\n\t\t\t\t<\/div>\n\t\t<div class=\"elementor-element elementor-element-f39afc7 e-flex e-con-boxed e-con e-parent\" data-id=\"f39afc7\" data-element_type=\"container\">\n\t\t\t\t\t<div class=\"e-con-inner\">\n\t\t<div class=\"elementor-element elementor-element-2b49e7f e-con-full e-flex e-con e-child\" data-id=\"2b49e7f\" data-element_type=\"container\">\n\t\t\t\t<div class=\"elementor-element elementor-element-23e161d elementor-widget elementor-widget-text-editor\" data-id=\"23e161d\" data-element_type=\"widget\" data-widget_type=\"text-editor.default\">\n\t\t\t\t\t\t\t\t\t<p class=\"font_8 wixui-rich-text__text\"><span class=\"wixui-rich-text__text\">Dons d&#8217;oeuvres familiales <\/span><span class=\"wixui-rich-text__text\">\u00e0 la ville de Rixheim<\/span><\/p>\t\t\t\t\t\t\t\t<\/div>\n\t\t\t\t<\/div>\n\t\t<div class=\"elementor-element elementor-element-df58fa0 e-con-full e-flex e-con e-child\" data-id=\"df58fa0\" data-element_type=\"container\">\n\t\t\t\t<div class=\"elementor-element elementor-element-97e38a4 elementor-widget elementor-widget-text-editor\" data-id=\"97e38a4\" data-element_type=\"widget\" data-widget_type=\"text-editor.default\">\n\t\t\t\t\t\t\t\t\t<p>La M\u00e9moire vive des Zuber L&#8217;Alsace, 2.10.2018<\/p>\t\t\t\t\t\t\t\t<\/div>\n\t\t\t\t<\/div>\n\t\t\t\t\t<\/div>\n\t\t\t\t<\/div>\n\t\t<div class=\"elementor-element elementor-element-7e74320 e-flex e-con-boxed e-con e-parent\" data-id=\"7e74320\" data-element_type=\"container\">\n\t\t\t\t\t<div class=\"e-con-inner\">\n\t\t\t\t<div class=\"elementor-element elementor-element-179211e elementor-widget__width-initial elementor-widget elementor-widget-text-editor\" data-id=\"179211e\" data-element_type=\"widget\" data-widget_type=\"text-editor.default\">\n\t\t\t\t\t\t\t\t\t<h1>Croisi\u00e8re sur le Rhin sur les traces d\u2019Ivan Zuber 2016<\/h1>\t\t\t\t\t\t\t\t<\/div>\n\t\t\t\t\t<\/div>\n\t\t\t\t<\/div>\n\t\t<div class=\"elementor-element elementor-element-4a01b08 e-flex e-con-boxed e-con e-parent\" data-id=\"4a01b08\" data-element_type=\"container\">\n\t\t\t\t\t<div class=\"e-con-inner\">\n\t\t<div class=\"elementor-element elementor-element-908d446 e-con-full e-flex e-con e-child\" data-id=\"908d446\" data-element_type=\"container\">\n\t\t\t\t<div class=\"elementor-element elementor-element-8ba630e elementor-widget elementor-widget-text-editor\" data-id=\"8ba630e\" data-element_type=\"widget\" data-widget_type=\"text-editor.default\">\n\t\t\t\t\t\t\t\t\t<p>Du 26 au 30 ao\u00fbt 2016, une croisi\u00e8re sur le Rhin entre Strasbourg et Coblence a conduit de nombreux membres de la famille sur les pas de leur a\u00efeul Ivan Zuber.<\/p><p>\u200bLa croisi\u00e8re est lanc\u00e9e le premier soir par une promenade en bateau sur les canaux de Strasbourg. Puis le bateau prend la route vers Coblence, via Mayence.<\/p>\t\t\t\t\t\t\t\t<\/div>\n\t\t\t\t<\/div>\n\t\t<div class=\"elementor-element elementor-element-667f857 e-con-full e-flex e-con e-child\" data-id=\"667f857\" data-element_type=\"container\">\n\t\t\t\t<div class=\"elementor-element elementor-element-634179a elementor-widget elementor-widget-image\" data-id=\"634179a\" data-element_type=\"widget\" data-widget_type=\"image.default\">\n\t\t\t\t\t\t\t\t\t\t\t\t<figure class=\"wp-caption\">\n\t\t\t\t\t\t\t\t\t\t<img loading=\"lazy\" decoding=\"async\" width=\"408\" height=\"676\" src=\"https:\/\/zuberderixheim.fr\/wp-content\/uploads\/2025\/05\/Capture-decran-2025-05-20-a-17.44.13.png\" class=\"attachment-large size-large wp-image-167\" alt=\"\" srcset=\"https:\/\/zuberderixheim.fr\/wp-content\/uploads\/2025\/05\/Capture-decran-2025-05-20-a-17.44.13.png 408w, https:\/\/zuberderixheim.fr\/wp-content\/uploads\/2025\/05\/Capture-decran-2025-05-20-a-17.44.13-181x300.png 181w\" sizes=\"(max-width: 408px) 100vw, 408px\" \/>\t\t\t\t\t\t\t\t\t\t\t<figcaption class=\"widget-image-caption wp-caption-text\">Ao\u00fbt 2016 : croisi\u00e8re sur le Rhin sur les traces du voyage d'Ivan Zuber en 1841<\/figcaption>\n\t\t\t\t\t\t\t\t\t\t<\/figure>\n\t\t\t\t\t\t\t\t\t<\/div>\n\t\t\t\t<\/div>\n\t\t<div class=\"elementor-element elementor-element-0ba919f e-con-full e-flex e-con e-child\" data-id=\"0ba919f\" data-element_type=\"container\">\n\t\t\t\t<div class=\"elementor-element elementor-element-1d92273 elementor-widget elementor-widget-text-editor\" data-id=\"1d92273\" data-element_type=\"widget\" data-widget_type=\"text-editor.default\">\n\t\t\t\t\t\t\t\t\t<ul><li>Bulletin n\u00b039 novembre 2016 : Croisi\u00e8re sur le Rhin 2016 sur les traces d&#8217;Ivan Zuber 1841 par Claire Zuber et Katia Zuber<\/li><li>Bulletin n\u00b035 novembre 2014 : Voyage du Rhin-r\u00e9cit d&#8217;Ivan Zuber (1841) par Raymond-Fran\u00e7ois Zuber et H\u00e9l\u00e8ne Zuber<\/li><\/ul>\t\t\t\t\t\t\t\t<\/div>\n\t\t\t\t<\/div>\n\t\t\t\t\t<\/div>\n\t\t\t\t<\/div>\n\t\t<div class=\"elementor-element elementor-element-bb3f728 e-flex e-con-boxed e-con e-parent\" data-id=\"bb3f728\" data-element_type=\"container\">\n\t\t\t\t\t<div class=\"e-con-inner\">\n\t\t\t\t<div class=\"elementor-element elementor-element-e8711db elementor-widget__width-initial elementor-widget elementor-widget-text-editor\" data-id=\"e8711db\" data-element_type=\"widget\" data-widget_type=\"text-editor.default\">\n\t\t\t\t\t\t\t\t\t<h1>Week-end \u00e0 Rixheim 2012<\/h1>\t\t\t\t\t\t\t\t<\/div>\n\t\t\t\t\t<\/div>\n\t\t\t\t<\/div>\n\t\t<div class=\"elementor-element elementor-element-8e4bfed e-flex e-con-boxed e-con e-parent\" data-id=\"8e4bfed\" data-element_type=\"container\">\n\t\t\t\t\t<div class=\"e-con-inner\">\n\t\t<div class=\"elementor-element elementor-element-a676a9e e-con-full e-flex e-con e-child\" data-id=\"a676a9e\" data-element_type=\"container\">\n\t\t\t\t<div class=\"elementor-element elementor-element-9a29e00 elementor-widget elementor-widget-image\" data-id=\"9a29e00\" data-element_type=\"widget\" data-widget_type=\"image.default\">\n\t\t\t\t\t\t\t\t\t\t\t\t\t\t\t<img loading=\"lazy\" decoding=\"async\" width=\"800\" height=\"571\" src=\"https:\/\/zuberderixheim.fr\/wp-content\/uploads\/2025\/05\/Capture-decran-2025-05-20-a-17.53.11.png\" class=\"attachment-large size-large wp-image-168\" alt=\"\" srcset=\"https:\/\/zuberderixheim.fr\/wp-content\/uploads\/2025\/05\/Capture-decran-2025-05-20-a-17.53.11.png 896w, https:\/\/zuberderixheim.fr\/wp-content\/uploads\/2025\/05\/Capture-decran-2025-05-20-a-17.53.11-300x214.png 300w, https:\/\/zuberderixheim.fr\/wp-content\/uploads\/2025\/05\/Capture-decran-2025-05-20-a-17.53.11-768x549.png 768w\" sizes=\"(max-width: 800px) 100vw, 800px\" \/>\t\t\t\t\t\t\t\t\t\t\t\t\t\t\t<\/div>\n\t\t\t\t<\/div>\n\t\t<div class=\"elementor-element elementor-element-da484be e-con-full e-flex e-con e-child\" data-id=\"da484be\" data-element_type=\"container\">\n\t\t<div class=\"elementor-element elementor-element-cd72296 e-con-full e-flex e-con e-child\" data-id=\"cd72296\" data-element_type=\"container\">\n\t\t\t\t<div class=\"elementor-element elementor-element-a9e75c5 elementor-widget elementor-widget-image\" data-id=\"a9e75c5\" data-element_type=\"widget\" data-widget_type=\"image.default\">\n\t\t\t\t\t\t\t\t\t\t\t\t\t\t\t<img loading=\"lazy\" decoding=\"async\" width=\"500\" height=\"296\" src=\"https:\/\/zuberderixheim.fr\/wp-content\/uploads\/2025\/05\/Capture-decran-2025-05-20-a-17.53.16.png\" class=\"attachment-large size-large wp-image-169\" alt=\"\" srcset=\"https:\/\/zuberderixheim.fr\/wp-content\/uploads\/2025\/05\/Capture-decran-2025-05-20-a-17.53.16.png 500w, https:\/\/zuberderixheim.fr\/wp-content\/uploads\/2025\/05\/Capture-decran-2025-05-20-a-17.53.16-300x178.png 300w\" sizes=\"(max-width: 500px) 100vw, 500px\" \/>\t\t\t\t\t\t\t\t\t\t\t\t\t\t\t<\/div>\n\t\t\t\t<\/div>\n\t\t<div class=\"elementor-element elementor-element-c1041ba e-con-full e-flex e-con e-child\" data-id=\"c1041ba\" data-element_type=\"container\">\n\t\t\t\t<div class=\"elementor-element elementor-element-068ca8b elementor-widget elementor-widget-image\" data-id=\"068ca8b\" data-element_type=\"widget\" data-widget_type=\"image.default\">\n\t\t\t\t\t\t\t\t\t\t\t\t\t\t\t<img loading=\"lazy\" decoding=\"async\" width=\"498\" height=\"286\" src=\"https:\/\/zuberderixheim.fr\/wp-content\/uploads\/2025\/05\/Capture-decran-2025-05-20-a-17.53.19.png\" class=\"attachment-large size-large wp-image-170\" alt=\"\" srcset=\"https:\/\/zuberderixheim.fr\/wp-content\/uploads\/2025\/05\/Capture-decran-2025-05-20-a-17.53.19.png 498w, https:\/\/zuberderixheim.fr\/wp-content\/uploads\/2025\/05\/Capture-decran-2025-05-20-a-17.53.19-300x172.png 300w\" sizes=\"(max-width: 498px) 100vw, 498px\" \/>\t\t\t\t\t\t\t\t\t\t\t\t\t\t\t<\/div>\n\t\t\t\t<\/div>\n\t\t\t\t<\/div>\n\t\t\t\t\t<\/div>\n\t\t\t\t<\/div>\n\t\t<div class=\"elementor-element elementor-element-ebe49b4 e-flex e-con-boxed e-con e-parent\" data-id=\"ebe49b4\" data-element_type=\"container\">\n\t\t\t\t\t<div class=\"e-con-inner\">\n\t\t<div class=\"elementor-element elementor-element-59280be e-con-full e-flex e-con e-child\" data-id=\"59280be\" data-element_type=\"container\">\n\t\t\t\t<div class=\"elementor-element elementor-element-18a6244 elementor-widget elementor-widget-image\" data-id=\"18a6244\" data-element_type=\"widget\" data-widget_type=\"image.default\">\n\t\t\t\t\t\t\t\t\t\t\t\t\t\t\t<img loading=\"lazy\" decoding=\"async\" width=\"800\" height=\"562\" src=\"https:\/\/zuberderixheim.fr\/wp-content\/uploads\/2025\/05\/Capture-decran-2025-05-20-a-17.53.23.png\" class=\"attachment-large size-large wp-image-171\" alt=\"\" srcset=\"https:\/\/zuberderixheim.fr\/wp-content\/uploads\/2025\/05\/Capture-decran-2025-05-20-a-17.53.23.png 902w, https:\/\/zuberderixheim.fr\/wp-content\/uploads\/2025\/05\/Capture-decran-2025-05-20-a-17.53.23-300x211.png 300w, https:\/\/zuberderixheim.fr\/wp-content\/uploads\/2025\/05\/Capture-decran-2025-05-20-a-17.53.23-768x540.png 768w\" sizes=\"(max-width: 800px) 100vw, 800px\" \/>\t\t\t\t\t\t\t\t\t\t\t\t\t\t\t<\/div>\n\t\t\t\t<\/div>\n\t\t<div class=\"elementor-element elementor-element-53deb9c e-con-full e-flex e-con e-child\" data-id=\"53deb9c\" data-element_type=\"container\">\n\t\t<div class=\"elementor-element elementor-element-1dd4002 e-con-full e-flex e-con e-child\" data-id=\"1dd4002\" data-element_type=\"container\">\n\t\t\t\t<div class=\"elementor-element elementor-element-5508d90 elementor-widget elementor-widget-image\" data-id=\"5508d90\" data-element_type=\"widget\" data-widget_type=\"image.default\">\n\t\t\t\t\t\t\t\t\t\t\t\t\t\t\t<img loading=\"lazy\" decoding=\"async\" width=\"502\" height=\"282\" src=\"https:\/\/zuberderixheim.fr\/wp-content\/uploads\/2025\/05\/Capture-decran-2025-05-20-a-17.53.27.png\" class=\"attachment-large size-large wp-image-172\" alt=\"\" srcset=\"https:\/\/zuberderixheim.fr\/wp-content\/uploads\/2025\/05\/Capture-decran-2025-05-20-a-17.53.27.png 502w, https:\/\/zuberderixheim.fr\/wp-content\/uploads\/2025\/05\/Capture-decran-2025-05-20-a-17.53.27-300x169.png 300w\" sizes=\"(max-width: 502px) 100vw, 502px\" \/>\t\t\t\t\t\t\t\t\t\t\t\t\t\t\t<\/div>\n\t\t\t\t<\/div>\n\t\t<div class=\"elementor-element elementor-element-4885a20 e-con-full e-flex e-con e-child\" data-id=\"4885a20\" data-element_type=\"container\">\n\t\t\t\t<div class=\"elementor-element elementor-element-c035c27 elementor-widget elementor-widget-image\" data-id=\"c035c27\" data-element_type=\"widget\" data-widget_type=\"image.default\">\n\t\t\t\t\t\t\t\t\t\t\t\t\t\t\t<img loading=\"lazy\" decoding=\"async\" width=\"490\" height=\"280\" src=\"https:\/\/zuberderixheim.fr\/wp-content\/uploads\/2025\/05\/Capture-decran-2025-05-20-a-17.53.31.png\" class=\"attachment-large size-large wp-image-173\" alt=\"\" srcset=\"https:\/\/zuberderixheim.fr\/wp-content\/uploads\/2025\/05\/Capture-decran-2025-05-20-a-17.53.31.png 490w, https:\/\/zuberderixheim.fr\/wp-content\/uploads\/2025\/05\/Capture-decran-2025-05-20-a-17.53.31-300x171.png 300w\" sizes=\"(max-width: 490px) 100vw, 490px\" \/>\t\t\t\t\t\t\t\t\t\t\t\t\t\t\t<\/div>\n\t\t\t\t<\/div>\n\t\t\t\t<\/div>\n\t\t\t\t\t<\/div>\n\t\t\t\t<\/div>\n\t\t\t\t<\/div>\n\t\t","protected":false},"excerpt":{"rendered":"<p>Week-end familial \u00e0 Rixheim et \u00e0 l\u2019Ile Napol\u00e9on 2018 Le samedi 22 septembre 2018, pr\u00e8s de 80 descendants de Jean Zuber (1773-1852) et d\u2019Elisabeth Spoerlin (1775-1856) sont venus \u00ab en p\u00e8lerinage \u00bb \u00e0 Rixheim, berceau de leur famille. R\u00e9partis en trois groupes, ils ont visit\u00e9la Commanderie, le Mus\u00e9e du Papier Peint et le carr\u00e9 Zuber [&hellip;]<\/p>\n","protected":false},"author":1,"featured_media":0,"parent":0,"menu_order":0,"comment_status":"closed","ping_status":"closed","template":"","meta":{"_acf_changed":false,"footnotes":""},"class_list":["post-161","page","type-page","status-publish","hentry"],"acf":[],"_links":{"self":[{"href":"https:\/\/zuberderixheim.fr\/index.php?rest_route=\/wp\/v2\/pages\/161","targetHints":{"allow":["GET"]}}],"collection":[{"href":"https:\/\/zuberderixheim.fr\/index.php?rest_route=\/wp\/v2\/pages"}],"about":[{"href":"https:\/\/zuberderixheim.fr\/index.php?rest_route=\/wp\/v2\/types\/page"}],"author":[{"embeddable":true,"href":"https:\/\/zuberderixheim.fr\/index.php?rest_route=\/wp\/v2\/users\/1"}],"replies":[{"embeddable":true,"href":"https:\/\/zuberderixheim.fr\/index.php?rest_route=%2Fwp%2Fv2%2Fcomments&post=161"}],"version-history":[{"count":22,"href":"https:\/\/zuberderixheim.fr\/index.php?rest_route=\/wp\/v2\/pages\/161\/revisions"}],"predecessor-version":[{"id":928,"href":"https:\/\/zuberderixheim.fr\/index.php?rest_route=\/wp\/v2\/pages\/161\/revisions\/928"}],"wp:attachment":[{"href":"https:\/\/zuberderixheim.fr\/index.php?rest_route=%2Fwp%2Fv2%2Fmedia&parent=161"}],"curies":[{"name":"wp","href":"https:\/\/api.w.org\/{rel}","templated":true}]}}