{"id":96,"date":"2025-05-20T15:50:51","date_gmt":"2025-05-20T13:50:51","guid":{"rendered":"https:\/\/zuberderixheim.fr\/?page_id=96"},"modified":"2025-12-24T09:58:25","modified_gmt":"2025-12-24T08:58:25","slug":"personnalites","status":"publish","type":"page","link":"https:\/\/zuberderixheim.fr\/?page_id=96","title":{"rendered":"Personnalit\u00e9s"},"content":{"rendered":"\t\t<div data-elementor-type=\"wp-page\" data-elementor-id=\"96\" class=\"elementor elementor-96\" data-elementor-post-type=\"page\">\n\t\t\t\t<div class=\"elementor-element elementor-element-f3caec6 e-flex e-con-boxed e-con e-parent\" data-id=\"f3caec6\" data-element_type=\"container\">\n\t\t\t\t\t<div class=\"e-con-inner\">\n\t\t<div class=\"elementor-element elementor-element-830a402 e-con-full e-flex e-con e-child\" data-id=\"830a402\" data-element_type=\"container\">\n\t\t\t\t<div class=\"elementor-element elementor-element-191e605 elementor-widget__width-initial elementor-widget-mobile__width-initial elementor-widget elementor-widget-heading\" data-id=\"191e605\" data-element_type=\"widget\" data-widget_type=\"heading.default\">\n\t\t\t\t\t<h2 class=\"elementor-heading-title elementor-size-default\">Personnalit\u00e9s de la famille<\/h2>\t\t\t\t<\/div>\n\t\t\t\t<\/div>\n\t\t\t\t\t<\/div>\n\t\t\t\t<\/div>\n\t\t<div class=\"elementor-element elementor-element-06ff776 e-flex e-con-boxed e-con e-parent\" data-id=\"06ff776\" data-element_type=\"container\">\n\t\t\t\t\t<div class=\"e-con-inner\">\n\t\t\t\t<div class=\"elementor-element elementor-element-1a9c891 elementor-widget elementor-widget-heading\" data-id=\"1a9c891\" data-element_type=\"widget\" id=\"henrizuber\" data-widget_type=\"heading.default\">\n\t\t\t\t\t<h2 class=\"elementor-heading-title elementor-size-default\">Henri Zuber<\/h2>\t\t\t\t<\/div>\n\t\t\t\t\t<\/div>\n\t\t\t\t<\/div>\n\t\t<div class=\"elementor-element elementor-element-83f6ef0 e-con-full e-flex e-con e-parent\" data-id=\"83f6ef0\" data-element_type=\"container\">\n\t\t\t\t<div class=\"elementor-element elementor-element-c7318d6 elementor-widget elementor-widget-text-editor\" data-id=\"c7318d6\" data-element_type=\"widget\" data-widget_type=\"text-editor.default\">\n\t\t\t\t\t\t\t\t\t<p>\u200bAssociation du peintre Henri Zuber<\/p><div id=\"comp-l5ryojyv\" class=\"HcOXKn c9GqVL QxJLC3 lq2cno YQcXTT comp-l5ryojyv wixui-rich-text\" data-testid=\"richTextElement\"><p class=\"font_8 wixui-rich-text__text\"><span class=\"wixui-rich-text__text\"><a class=\"wixui-rich-text__text\" href=\"http:\/\/www.henri-zuber.com\/\" target=\"_blank\" rel=\"noreferrer noopener\">http:\/\/www.henri-zuber.com<\/a><\/span><\/p><\/div>\t\t\t\t\t\t\t\t<\/div>\n\t\t\t\t<\/div>\n\t\t<div class=\"elementor-element elementor-element-670c369 e-flex e-con-boxed e-con e-parent\" data-id=\"670c369\" data-element_type=\"container\">\n\t\t\t\t\t<div class=\"e-con-inner\">\n\t\t<div class=\"elementor-element elementor-element-9f99067 e-con-full e-flex e-con e-child\" data-id=\"9f99067\" data-element_type=\"container\">\n\t\t\t\t<div class=\"elementor-element elementor-element-40eba09 elementor-widget__width-initial elementor-widget-mobile__width-initial elementor-widget elementor-widget-text-editor\" data-id=\"40eba09\" data-element_type=\"widget\" id=\"annazuber\" data-widget_type=\"text-editor.default\">\n\t\t\t\t\t\t\t\t\t<p>Anna Zuber<\/p>\t\t\t\t\t\t\t\t<\/div>\n\t\t\t\t<div class=\"elementor-element elementor-element-80f6658 elementor-widget elementor-widget-image\" data-id=\"80f6658\" data-element_type=\"widget\" data-widget_type=\"image.default\">\n\t\t\t\t\t\t\t\t\t\t\t\t\t\t\t<img fetchpriority=\"high\" decoding=\"async\" width=\"800\" height=\"657\" src=\"https:\/\/zuberderixheim.fr\/wp-content\/uploads\/2025\/05\/Capture-decran-2025-05-20-a-17.07.07-1024x841.png\" class=\"attachment-large size-large wp-image-142\" alt=\"\" srcset=\"https:\/\/zuberderixheim.fr\/wp-content\/uploads\/2025\/05\/Capture-decran-2025-05-20-a-17.07.07-1024x841.png 1024w, https:\/\/zuberderixheim.fr\/wp-content\/uploads\/2025\/05\/Capture-decran-2025-05-20-a-17.07.07-300x246.png 300w, https:\/\/zuberderixheim.fr\/wp-content\/uploads\/2025\/05\/Capture-decran-2025-05-20-a-17.07.07-768x631.png 768w, https:\/\/zuberderixheim.fr\/wp-content\/uploads\/2025\/05\/Capture-decran-2025-05-20-a-17.07.07-1536x1262.png 1536w, https:\/\/zuberderixheim.fr\/wp-content\/uploads\/2025\/05\/Capture-decran-2025-05-20-a-17.07.07.png 1780w\" sizes=\"(max-width: 800px) 100vw, 800px\" \/>\t\t\t\t\t\t\t\t\t\t\t\t\t\t\t<\/div>\n\t\t\t\t<\/div>\n\t\t<div class=\"elementor-element elementor-element-a7258cb e-con-full e-flex e-con e-child\" data-id=\"a7258cb\" data-element_type=\"container\">\n\t\t\t\t<div class=\"elementor-element elementor-element-34ed6e7 elementor-widget elementor-widget-text-editor\" data-id=\"34ed6e7\" data-element_type=\"widget\" data-widget_type=\"text-editor.default\">\n\t\t\t\t\t\t\t\t\t<ul><li>Bulletin n\u00b07 novembre 2000 Ferrette : souvenirs rassembl\u00e9s par Alfred et Anna<\/li><\/ul>\t\t\t\t\t\t\t\t<\/div>\n\t\t\t\t<\/div>\n\t\t\t\t\t<\/div>\n\t\t\t\t<\/div>\n\t\t<div class=\"elementor-element elementor-element-aadd69c e-flex e-con-boxed e-con e-parent\" data-id=\"aadd69c\" data-element_type=\"container\">\n\t\t\t\t\t<div class=\"e-con-inner\">\n\t\t<div class=\"elementor-element elementor-element-9730c0f e-con-full e-flex e-con e-child\" data-id=\"9730c0f\" data-element_type=\"container\" data-settings=\"{&quot;background_background&quot;:&quot;classic&quot;}\">\n\t\t\t\t<div class=\"elementor-element elementor-element-0e6c5f2 elementor-widget elementor-widget-text-editor\" data-id=\"0e6c5f2\" data-element_type=\"widget\" id=\"renezuber\" data-widget_type=\"text-editor.default\">\n\t\t\t\t\t\t\t\t\t<p>Ren\u00e9 Zuber<\/p>\t\t\t\t\t\t\t\t<\/div>\n\t\t\t\t<\/div>\n\t\t\t\t\t<\/div>\n\t\t\t\t<\/div>\n\t\t<div class=\"elementor-element elementor-element-181b8f7 e-flex e-con-boxed e-con e-parent\" data-id=\"181b8f7\" data-element_type=\"container\">\n\t\t\t\t\t<div class=\"e-con-inner\">\n\t\t<div class=\"elementor-element elementor-element-16ea000 e-con-full e-flex e-con e-child\" data-id=\"16ea000\" data-element_type=\"container\">\n\t\t\t\t<div class=\"elementor-element elementor-element-6536676 elementor-widget elementor-widget-image\" data-id=\"6536676\" data-element_type=\"widget\" data-widget_type=\"image.default\">\n\t\t\t\t\t\t\t\t\t\t\t\t\t\t\t<img decoding=\"async\" width=\"548\" height=\"806\" src=\"https:\/\/zuberderixheim.fr\/wp-content\/uploads\/2025\/05\/Capture-decran-2025-05-20-a-17.10.57.png\" class=\"attachment-large size-large wp-image-143\" alt=\"\" srcset=\"https:\/\/zuberderixheim.fr\/wp-content\/uploads\/2025\/05\/Capture-decran-2025-05-20-a-17.10.57.png 548w, https:\/\/zuberderixheim.fr\/wp-content\/uploads\/2025\/05\/Capture-decran-2025-05-20-a-17.10.57-204x300.png 204w\" sizes=\"(max-width: 548px) 100vw, 548px\" \/>\t\t\t\t\t\t\t\t\t\t\t\t\t\t\t<\/div>\n\t\t\t\t<div class=\"elementor-element elementor-element-e14f59e elementor-widget elementor-widget-text-editor\" data-id=\"e14f59e\" data-element_type=\"widget\" data-widget_type=\"text-editor.default\">\n\t\t\t\t\t\t\t\t\t<ul><li>Bulletin n\u00b021 novembre 2007 Studio Zuber : Ren\u00e9 Zuber<\/li><\/ul>\t\t\t\t\t\t\t\t<\/div>\n\t\t\t\t<\/div>\n\t\t<div class=\"elementor-element elementor-element-d93f8da e-con-full e-flex e-con e-child\" data-id=\"d93f8da\" data-element_type=\"container\">\n\t\t\t\t<div class=\"elementor-element elementor-element-2b3b13f elementor-widget elementor-widget-text-editor\" data-id=\"2b3b13f\" data-element_type=\"widget\" data-widget_type=\"text-editor.default\">\n\t\t\t\t\t\t\t\t\t<p>Ren\u00e9 Zuber<\/p><p>1902, Boussi\u00e8res &#8211; 1979, Meudon<\/p><p>Ren\u00e9 Zuber grandit aupr\u00e8s de ses fr\u00e8res et s\u0153urs dans une famille de papetiers renomm\u00e9s, les Zuber, d\u00e9fendant une solide tradition de bel ouvrage.<\/p><p>Son destin semble bien trac\u00e9 d\u2018avance. Il se pr\u00e9pare donc \u00e0 int\u00e9grer la papeterie familiale que dirige son p\u00e8re et suit des \u00e9tudes d\u2019ing\u00e9nieurs \u00e0 l\u2019\u00c9cole Centrale des Arts et Manufactures \u00e0 Paris.<\/p><p>En 1924, son dipl\u00f4me obtenu, il se rend compte que cette carri\u00e8re ne le concerne gu\u00e8re et qu\u2019il est bien plus passionn\u00e9 par le m\u00e9tier du livre.<\/p><p>Du Pont Neuf, dipl\u00f4me et cours manuscrit en main, il jette le tout dans la Seine en disant : &#8221; C\u2019\u00e9tait pour mes parents, et maintenant je suis libre\u2026&#8221;<\/p>\t\t\t\t\t\t\t\t<\/div>\n\t\t\t\t<\/div>\n\t\t\t\t\t<\/div>\n\t\t\t\t<\/div>\n\t\t<div class=\"elementor-element elementor-element-92ed75c e-flex e-con-boxed e-con e-parent\" data-id=\"92ed75c\" data-element_type=\"container\">\n\t\t\t\t\t<div class=\"e-con-inner\">\n\t\t\t\t<div class=\"elementor-element elementor-element-b693b23 elementor-widget elementor-widget-text-editor\" data-id=\"b693b23\" data-element_type=\"widget\" data-widget_type=\"text-editor.default\">\n\t\t\t\t\t\t\t\t\t<p>En 1927, Zuber part pour Leipzig, la capitale du livre en Allemagne, o\u00f9 il s&#8217;inscrit pour deux semestres \u00e0 l\u2019Acad\u00e9mie des arts graphiques et des m\u00e9tiers du livre (Staatliche Akademie f\u00fcr graphische K\u00fcnste und Buchgewerbe). Lors de son s\u00e9jour, et dans le cadre de ses \u00e9tudes, il effectue un stage \u00e0 l\u2019imprimerie Borel de Berlin.<\/p><p>\u200b<\/p><p>C\u2019est \u00e0 Leipzig que Ren\u00e9 Zuber d\u00e9couvre la photographie. Il voit le livre phare de la nouvelle photographie allemande paru \u00e0 l\u2019automne 1928, dans la vitrine d\u2019un libraire \u00abEn passant dans le quartier des libraires, mon attention fut attir\u00e9e un jour par un livre qui venait de para\u00eetre et qui n\u2019\u00e9tait pas comme les autres parce que sa couverture, au recto comme au verso, \u00e9tait purement photographique. Le lecteur doit se rappeler ici que nous sommes en 1927, \u00e0 une \u00e9poque ou le livre n\u2019\u00e9tait pas encore ce qu\u2019il est aujourd\u2019hui.<\/p><p>\u200b<\/p><p>C\u2019\u00e9tait un livre de la Neue Sachlichkeit. On appelait ainsi une mani\u00e8re de voir le monde et les objets quotidiens de notre environnement tels qu\u2019ils sont, dans leur \u00e9mouvante nudit\u00e9, comme s\u2019ils sortaient des mains du cr\u00e9ateur. Sur la couverture une pile de rondins, fra\u00eechement sci\u00e9s, vu par la tranche.<\/p><p>On aurait pu y conter chacune des assises de bois et chaque goutte de r\u00e9sine. Le titre de cet album, \u00ab Die welt ist sch\u00f6n \u00bb, m\u2019atteignit en plein c\u0153ur. Il y a longtemps que je cherchais \u00e0 me d\u00e9gager du pathos esth\u00e9tique, du flou artistique et autres d\u00e9vergondages du sentiment. Je r\u00e9alisais d\u2019un seul coup que le monde dans lequel je vivais \u00e9tait beau, int\u00e9gralement beau, simplement parce qu\u2019il \u00e9tait vrai. D\u00e8s lors, je br\u00fblais d\u2019en rapporter la preuve \u00bb. C\u2019est donc \u00e0 Leipzig que Ren\u00e9 Zuber devient photographe. Les photos qu\u2019il d\u00e9couvre l\u2019enthousiasme \u00e0 tel point qu\u2019il ach\u00e8te son premier appareil photo, un Rolleiflex.<\/p><p>\u200b<\/p><p>Ren\u00e9 Zuber s\u00e9lectionn\u00e9 par Moholy-Nagy participa \u00e0 l\u2019exposition \u00ab Film und Foto \u00bb \u00e0 Stuttgart du 18 mai au 7 juillet 1929. C\u2019est en 1929 que l\u2019agence de publicit\u00e9 \u00c9tienne Damour engage Ren\u00e9 Zuber pour introduire la photographie au sein de l\u2019agence.<\/p><p>\u200b<\/p><p>En 1932 Ren\u00e9 Zuber quitte l\u2019agence Damour et fonde le Studio Zuber et devant la forte demande il engage Pierre Boucher et en 1933 Emeric Feher.<\/p><p>L\u2019agence \u00abAlliance photo\u00bb est fond\u00e9e par Ren\u00e9 Zuber , Pierre Boucher avec Maria Eisner courant 1934.<\/p><p>\u200b<\/p><p>Le jour de sa cr\u00e9ation officielle le 7 d\u00e9cembre 1934 Alliance photo accueil Denise Bellon, Emeric Feher et Pierre Verger. Cette m\u00eame ann\u00e9e Ren\u00e9 Zuber avec son ami Roger Leenhardt fondent les \u00abFilms du compas\u00bb et il r\u00e9alise son premier documentaire \u00abLa Cr\u00e8te sans les dieux\u00bb.<\/p><p>\u200b<\/p>\t\t\t\t\t\t\t\t<\/div>\n\t\t\t\t\t<\/div>\n\t\t\t\t<\/div>\n\t\t<div class=\"elementor-element elementor-element-6b7f933 e-flex e-con-boxed e-con e-parent\" data-id=\"6b7f933\" data-element_type=\"container\">\n\t\t\t\t\t<div class=\"e-con-inner\">\n\t\t\t\t<div class=\"elementor-element elementor-element-3fa5a55 elementor-widget elementor-widget-text-editor\" data-id=\"3fa5a55\" data-element_type=\"widget\" id=\"christianzuber\" data-widget_type=\"text-editor.default\">\n\t\t\t\t\t\t\t\t\t<p>Christian Zuber<\/p>\t\t\t\t\t\t\t\t<\/div>\n\t\t\t\t\t<\/div>\n\t\t\t\t<\/div>\n\t\t<div class=\"elementor-element elementor-element-886c8ed e-flex e-con-boxed e-con e-parent\" data-id=\"886c8ed\" data-element_type=\"container\">\n\t\t\t\t\t<div class=\"e-con-inner\">\n\t\t<div class=\"elementor-element elementor-element-696463b e-con-full e-flex e-con e-child\" data-id=\"696463b\" data-element_type=\"container\">\n\t\t\t\t<div class=\"elementor-element elementor-element-5b76b78 elementor-widget elementor-widget-text-editor\" data-id=\"5b76b78\" data-element_type=\"widget\" data-widget_type=\"text-editor.default\">\n\t\t\t\t\t\t\t\t\t<ul><li>Bulletin n\u00b017 novembre 2005 Disparition de Christian Zuber<\/li><li>Bulletin n\u00b08 mai 2001 Lettre des Galapagos par Christian Zuber<\/li><\/ul>\t\t\t\t\t\t\t\t<\/div>\n\t\t\t\t<\/div>\n\t\t<div class=\"elementor-element elementor-element-512f676 e-con-full e-flex e-con e-child\" data-id=\"512f676\" data-element_type=\"container\">\n\t\t\t\t<div class=\"elementor-element elementor-element-d8f48d3 elementor-widget elementor-widget-text-editor\" data-id=\"d8f48d3\" data-element_type=\"widget\" data-widget_type=\"text-editor.default\">\n\t\t\t\t\t\t\t\t\t<p>Christian Zuber<\/p><p>19 f\u00e9vrier 1930, Mulhouse &#8211; 23 juillet 2005, Villejuif<\/p><p>Christian Zuber est un documentariste animalier, journaliste, \u00e9crivain, producteur, conf\u00e9rencier.\u00a0 \u00a0 \u00a0 \u00a0 Il est connu du grand public gr\u00e2ce \u00e0 ses \u00e9missions Cam\u00e9ra au poing diffus\u00e9es \u00e0 la t\u00e9l\u00e9vision de 1972 \u00e0 1981 et \u00e0 ses conf\u00e9rences \u00e0 Connaissance du Monde. Il est l&#8217;un des pionniers de la protection de la nature et de l&#8217;environnement.<\/p>\t\t\t\t\t\t\t\t<\/div>\n\t\t\t\t<\/div>\n\t\t\t\t\t<\/div>\n\t\t\t\t<\/div>\n\t\t\t\t<\/div>\n\t\t","protected":false},"excerpt":{"rendered":"<p>Personnalit\u00e9s de la famille Henri Zuber \u200bAssociation du peintre Henri Zuber http:\/\/www.henri-zuber.com Anna Zuber Bulletin n\u00b07 novembre 2000 Ferrette : souvenirs rassembl\u00e9s par Alfred et Anna Ren\u00e9 Zuber Bulletin n\u00b021 novembre 2007 Studio Zuber : Ren\u00e9 Zuber Ren\u00e9 Zuber 1902, Boussi\u00e8res &#8211; 1979, Meudon Ren\u00e9 Zuber grandit aupr\u00e8s de ses fr\u00e8res et s\u0153urs dans une [&hellip;]<\/p>\n","protected":false},"author":1,"featured_media":0,"parent":0,"menu_order":0,"comment_status":"closed","ping_status":"closed","template":"","meta":{"_acf_changed":false,"footnotes":""},"class_list":["post-96","page","type-page","status-publish","hentry"],"acf":[],"_links":{"self":[{"href":"https:\/\/zuberderixheim.fr\/index.php?rest_route=\/wp\/v2\/pages\/96","targetHints":{"allow":["GET"]}}],"collection":[{"href":"https:\/\/zuberderixheim.fr\/index.php?rest_route=\/wp\/v2\/pages"}],"about":[{"href":"https:\/\/zuberderixheim.fr\/index.php?rest_route=\/wp\/v2\/types\/page"}],"author":[{"embeddable":true,"href":"https:\/\/zuberderixheim.fr\/index.php?rest_route=\/wp\/v2\/users\/1"}],"replies":[{"embeddable":true,"href":"https:\/\/zuberderixheim.fr\/index.php?rest_route=%2Fwp%2Fv2%2Fcomments&post=96"}],"version-history":[{"count":46,"href":"https:\/\/zuberderixheim.fr\/index.php?rest_route=\/wp\/v2\/pages\/96\/revisions"}],"predecessor-version":[{"id":977,"href":"https:\/\/zuberderixheim.fr\/index.php?rest_route=\/wp\/v2\/pages\/96\/revisions\/977"}],"wp:attachment":[{"href":"https:\/\/zuberderixheim.fr\/index.php?rest_route=%2Fwp%2Fv2%2Fmedia&parent=96"}],"curies":[{"name":"wp","href":"https:\/\/api.w.org\/{rel}","templated":true}]}}